{"id":9244,"date":"2022-03-08T19:43:23","date_gmt":"2022-03-08T12:43:23","guid":{"rendered":"https:\/\/web.oshikrub.com\/maeloi\/?page_id=9244"},"modified":"2024-06-12T14:50:05","modified_gmt":"2024-06-12T07:50:05","slug":"e-service-%e0%b8%84%e0%b8%b3%e0%b8%a3%e0%b9%89%e0%b8%ad%e0%b8%87%e0%b8%82%e0%b8%ad%e0%b8%a3%e0%b8%b1%e0%b8%9a%e0%b8%9a%e0%b8%a3%e0%b8%b4%e0%b8%81%e0%b8%b2%e0%b8%a3%e0%b8%ad%e0%b8%ad%e0%b8%99%e0%b9%84","status":"publish","type":"page","link":"https:\/\/www.nongkham101.go.th\/home\/?page_id=9244","title":{"rendered":"E-Service  \u0e04\u0e33\u0e23\u0e49\u0e2d\u0e07\u0e02\u0e2d\u0e23\u0e31\u0e1a\u0e1a\u0e23\u0e34\u0e01\u0e32\u0e23\u0e2d\u0e2d\u0e19\u0e44\u0e25\u0e19\u0e4c"},"content":{"rendered":"\t\t<div data-elementor-type=\"wp-page\" data-elementor-id=\"9244\" class=\"elementor elementor-9244\">\n\t\t\t\t\t\t<section class=\"elementor-section elementor-top-section elementor-element elementor-element-22b47ea elementor-section-boxed elementor-section-height-default elementor-section-height-default\" data-id=\"22b47ea\" data-element_type=\"section\">\n\t\t\t\t\t\t<div class=\"elementor-container elementor-column-gap-default\">\n\t\t\t\t\t<div class=\"elementor-column elementor-col-50 elementor-top-column elementor-element elementor-element-61553ba\" data-id=\"61553ba\" data-element_type=\"column\">\n\t\t\t<div class=\"elementor-widget-wrap elementor-element-populated\">\n\t\t\t\t\t\t<div class=\"elementor-element elementor-element-677897d elementor-widget-divider--view-line elementor-widget elementor-widget-divider\" data-id=\"677897d\" data-element_type=\"widget\" data-widget_type=\"divider.default\">\n\t\t\t\t<div class=\"elementor-widget-container\">\n\t\t\t\t\t<div class=\"elementor-divider\">\n\t\t\t<span class=\"elementor-divider-separator\">\n\t\t\t\t\t\t<\/span>\n\t\t<\/div>\n\t\t\t\t<\/div>\n\t\t\t\t<\/div>\n\t\t\t\t<section class=\"elementor-section elementor-inner-section elementor-element elementor-element-f3cf4e7 elementor-section-boxed elementor-section-height-default elementor-section-height-default\" data-id=\"f3cf4e7\" data-element_type=\"section\">\n\t\t\t\t\t\t<div class=\"elementor-container elementor-column-gap-default\">\n\t\t\t\t\t<div class=\"elementor-column elementor-col-50 elementor-inner-column elementor-element elementor-element-c2a3696\" data-id=\"c2a3696\" data-element_type=\"column\">\n\t\t\t<div class=\"elementor-widget-wrap elementor-element-populated\">\n\t\t\t\t\t\t<div class=\"elementor-element elementor-element-8b2a757 elementor-widget elementor-widget-jet-button\" data-id=\"8b2a757\" data-element_type=\"widget\" data-widget_type=\"jet-button.default\">\n\t\t\t\t<div class=\"elementor-widget-container\">\n\t\t\t<div class=\"elementor-jet-button jet-elements\"><div class=\"jet-button__container\">\n\t<a class=\"jet-button__instance jet-button__instance--icon-left hover-effect-0\" href=\"?page_id=9873\" target=\"_blank\">\n\t\t<div class=\"jet-button__plane jet-button__plane-normal\"><\/div>\n\t\t<div class=\"jet-button__plane jet-button__plane-hover\"><\/div>\n\t\t<div class=\"jet-button__state jet-button__state-normal\">\n\t\t\t<span class=\"jet-button__icon jet-elements-icon\"><i aria-hidden=\"true\" class=\"far fa-clipboard\"><\/i><\/span><span class=\"jet-button__label\">1. \u0e04\u0e33\u0e23\u0e49\u0e2d\u0e07\u0e02\u0e2d\u0e04\u0e27\u0e32\u0e21\u0e2d\u0e19\u0e38\u0e40\u0e04\u0e23\u0e32\u0e30\u0e2b\u0e4c\u0e19\u0e49\u0e33\u0e2d\u0e38\u0e1b\u0e42\u0e20\u0e04-\u0e1a\u0e23\u0e34\u0e42\u0e20\u0e04<\/span>\t\t<\/div>\n\t\t<div class=\"jet-button__state jet-button__state-hover\">\n\t\t\t<span class=\"jet-button__icon jet-elements-icon\"><i aria-hidden=\"true\" class=\"far fa-clipboard\"><\/i><\/span><span class=\"jet-button__label\">1. \u0e04\u0e33\u0e23\u0e49\u0e2d\u0e07\u0e02\u0e2d\u0e04\u0e27\u0e32\u0e21\u0e2d\u0e19\u0e38\u0e40\u0e04\u0e23\u0e32\u0e30\u0e2b\u0e4c\u0e19\u0e49\u0e33\u0e2d\u0e38\u0e1b\u0e42\u0e20\u0e04-\u0e1a\u0e23\u0e34\u0e42\u0e20\u0e04<\/span>\t\t<\/div>\n\t<\/a>\n<\/div>\n<\/div>\t\t<\/div>\n\t\t\t\t<\/div>\n\t\t\t\t<div class=\"elementor-element elementor-element-ea305e9 elementor-widget elementor-widget-jet-button\" data-id=\"ea305e9\" data-element_type=\"widget\" data-widget_type=\"jet-button.default\">\n\t\t\t\t<div class=\"elementor-widget-container\">\n\t\t\t<div class=\"elementor-jet-button jet-elements\"><div class=\"jet-button__container\">\n\t<a class=\"jet-button__instance jet-button__instance--icon-left hover-effect-0\" href=\"?p=17120\" target=\"_blank\">\n\t\t<div class=\"jet-button__plane jet-button__plane-normal\"><\/div>\n\t\t<div class=\"jet-button__plane jet-button__plane-hover\"><\/div>\n\t\t<div class=\"jet-button__state jet-button__state-normal\">\n\t\t\t<span class=\"jet-button__icon jet-elements-icon\"><i aria-hidden=\"true\" class=\"far fa-clipboard\"><\/i><\/span><span class=\"jet-button__label\">\u0e04\u0e39\u0e48\u0e21\u0e37\u0e2d\u0e01\u0e32\u0e23\u0e43\u0e0a\u0e49\u0e07\u0e32\u0e19 E-Service<\/span>\t\t<\/div>\n\t\t<div class=\"jet-button__state jet-button__state-hover\">\n\t\t\t<span class=\"jet-button__icon jet-elements-icon\"><i aria-hidden=\"true\" class=\"far fa-clipboard\"><\/i><\/span><span class=\"jet-button__label\">\u0e04\u0e39\u0e48\u0e21\u0e37\u0e2d\u0e01\u0e32\u0e23\u0e43\u0e0a\u0e49\u0e07\u0e32\u0e19 E-Service<\/span>\t\t<\/div>\n\t<\/a>\n<\/div>\n<\/div>\t\t<\/div>\n\t\t\t\t<\/div>\n\t\t\t\t\t<\/div>\n\t\t<\/div>\n\t\t\t\t<div class=\"elementor-column elementor-col-50 elementor-inner-column elementor-element elementor-element-321348f\" data-id=\"321348f\" data-element_type=\"column\">\n\t\t\t<div class=\"elementor-widget-wrap elementor-element-populated\">\n\t\t\t\t\t\t<div class=\"elementor-element elementor-element-b99d760 elementor-widget elementor-widget-jet-button\" data-id=\"b99d760\" data-element_type=\"widget\" data-widget_type=\"jet-button.default\">\n\t\t\t\t<div class=\"elementor-widget-container\">\n\t\t\t<div class=\"elementor-jet-button jet-elements\"><div class=\"jet-button__container\">\n\t<a class=\"jet-button__instance jet-button__instance--icon-left hover-effect-0\" href=\"?page_id=13462\" target=\"_blank\">\n\t\t<div class=\"jet-button__plane jet-button__plane-normal\"><\/div>\n\t\t<div class=\"jet-button__plane jet-button__plane-hover\"><\/div>\n\t\t<div class=\"jet-button__state jet-button__state-normal\">\n\t\t\t<span class=\"jet-button__icon jet-elements-icon\"><i aria-hidden=\"true\" class=\"far fa-clipboard\"><\/i><\/span><span class=\"jet-button__label\">2. \u0e41\u0e1a\u0e1a\u0e04\u0e33\u0e23\u0e49\u0e2d\u0e07\u0e02\u0e2d\u0e0b\u0e48\u0e2d\u0e21\u0e44\u0e1f\u0e1f\u0e49\u0e32\u0e2a\u0e32\u0e18\u0e32\u0e23\u0e13\u0e30<\/span>\t\t<\/div>\n\t\t<div class=\"jet-button__state jet-button__state-hover\">\n\t\t\t<span class=\"jet-button__icon jet-elements-icon\"><i aria-hidden=\"true\" class=\"far fa-clipboard\"><\/i><\/span><span class=\"jet-button__label\">2. \u0e41\u0e1a\u0e1a\u0e04\u0e33\u0e23\u0e49\u0e2d\u0e07\u0e02\u0e2d\u0e0b\u0e48\u0e2d\u0e21\u0e44\u0e1f\u0e1f\u0e49\u0e32\u0e2a\u0e32\u0e18\u0e32\u0e23\u0e13\u0e30<\/span>\t\t<\/div>\n\t<\/a>\n<\/div>\n<\/div>\t\t<\/div>\n\t\t\t\t<\/div>\n\t\t\t\t\t<\/div>\n\t\t<\/div>\n\t\t\t\t\t<\/div>\n\t\t<\/section>\n\t\t\t\t\t<\/div>\n\t\t<\/div>\n\t\t\t\t<div class=\"elementor-column elementor-col-50 elementor-top-column elementor-element elementor-element-62a050f\" data-id=\"62a050f\" data-element_type=\"column\" data-settings=\"{&quot;background_background&quot;:&quot;classic&quot;}\">\n\t\t\t<div class=\"elementor-widget-wrap elementor-element-populated\">\n\t\t\t\t\t\t<div class=\"elementor-element elementor-element-bda0cf2 elementor-widget-divider--view-line_text elementor-widget-divider--element-align-left elementor-widget elementor-widget-divider\" data-id=\"bda0cf2\" data-element_type=\"widget\" data-widget_type=\"divider.default\">\n\t\t\t\t<div class=\"elementor-widget-container\">\n\t\t\t\t\t<div class=\"elementor-divider\">\n\t\t\t<span class=\"elementor-divider-separator\">\n\t\t\t\t\t\t\t<span class=\"elementor-divider__text elementor-divider__element\">\n\t\t\t\t\u0e40\u0e01\u0e35\u0e48\u0e22\u0e27\u0e01\u0e31\u0e1a\u0e40\u0e23\u0e32\t\t\t\t<\/span>\n\t\t\t\t\t\t<\/span>\n\t\t<\/div>\n\t\t\t\t<\/div>\n\t\t\t\t<\/div>\n\t\t\t\t<div class=\"elementor-element elementor-element-7dfc9d4 elementor-nav-menu--dropdown-tablet elementor-nav-menu__text-align-aside elementor-widget elementor-widget-nav-menu\" data-id=\"7dfc9d4\" data-element_type=\"widget\" data-settings=\"{&quot;submenu_icon&quot;:{&quot;value&quot;:&quot;&lt;i class=\\&quot;\\&quot;&gt;&lt;\\\/i&gt;&quot;,&quot;library&quot;:&quot;&quot;},&quot;layout&quot;:&quot;vertical&quot;}\" data-widget_type=\"nav-menu.default\">\n\t\t\t\t<div class=\"elementor-widget-container\">\n\t\t\t\t\t\t<nav class=\"elementor-nav-menu--main elementor-nav-menu__container elementor-nav-menu--layout-vertical e--pointer-none\">\n\t\t\t\t<ul id=\"menu-1-7dfc9d4\" class=\"elementor-nav-menu sm-vertical\"><li class=\"menu-item menu-item-type-post_type menu-item-object-page menu-item-7232\"><a href=\"https:\/\/www.nongkham101.go.th\/home\/?page_id=5656\" class=\"elementor-item\">\u0e1b\u0e23\u0e30\u0e27\u0e31\u0e15\u0e34 \u0e2d\u0e1a\u0e15.\u0e2b\u0e19\u0e2d\u0e07\u0e02\u0e32\u0e21<\/a><\/li>\n<li class=\"menu-item menu-item-type-post_type menu-item-object-page menu-item-7233\"><a href=\"https:\/\/www.nongkham101.go.th\/home\/?page_id=5676\" class=\"elementor-item\">\u0e2a\u0e20\u0e32\u0e1e\u0e17\u0e31\u0e48\u0e27\u0e44\u0e1b\u0e41\u0e25\u0e30\u0e02\u0e49\u0e2d\u0e21\u0e39\u0e25\u0e1e\u0e37\u0e49\u0e19\u0e10\u0e32\u0e19<\/a><\/li>\n<li class=\"menu-item menu-item-type-post_type menu-item-object-page menu-item-7234\"><a href=\"https:\/\/www.nongkham101.go.th\/home\/?page_id=5680\" class=\"elementor-item\">\u0e04\u0e33\u0e02\u0e27\u0e31\u0e0d \u0e27\u0e34\u0e2a\u0e31\u0e22\u0e17\u0e31\u0e28\u0e19\u0e4c \u0e1e\u0e31\u0e19\u0e18\u0e01\u0e34\u0e08<\/a><\/li>\n<li class=\"menu-item menu-item-type-post_type menu-item-object-page menu-item-9498\"><a href=\"https:\/\/www.nongkham101.go.th\/home\/?page_id=9493\" class=\"elementor-item\">\u0e19\u0e42\u0e22\u0e1a\u0e32\u0e22\u0e01\u0e32\u0e23\u0e1e\u0e31\u0e12\u0e19\u0e32\u0e02\u0e2d\u0e07\u0e1c\u0e39\u0e49\u0e1a\u0e23\u0e34\u0e2b\u0e32\u0e23<\/a><\/li>\n<li class=\"menu-item menu-item-type-post_type menu-item-object-page menu-item-7236\"><a href=\"https:\/\/www.nongkham101.go.th\/home\/?page_id=6910\" class=\"elementor-item\">\u0e2d\u0e33\u0e19\u0e32\u0e08\u0e2b\u0e19\u0e49\u0e32\u0e17\u0e35\u0e48<\/a><\/li>\n<\/ul>\t\t\t<\/nav>\n\t\t\t\t\t\t<nav class=\"elementor-nav-menu--dropdown elementor-nav-menu__container\" aria-hidden=\"true\">\n\t\t\t\t<ul id=\"menu-2-7dfc9d4\" class=\"elementor-nav-menu sm-vertical\"><li class=\"menu-item menu-item-type-post_type menu-item-object-page menu-item-7232\"><a href=\"https:\/\/www.nongkham101.go.th\/home\/?page_id=5656\" class=\"elementor-item\" tabindex=\"-1\">\u0e1b\u0e23\u0e30\u0e27\u0e31\u0e15\u0e34 \u0e2d\u0e1a\u0e15.\u0e2b\u0e19\u0e2d\u0e07\u0e02\u0e32\u0e21<\/a><\/li>\n<li class=\"menu-item menu-item-type-post_type menu-item-object-page menu-item-7233\"><a href=\"https:\/\/www.nongkham101.go.th\/home\/?page_id=5676\" class=\"elementor-item\" tabindex=\"-1\">\u0e2a\u0e20\u0e32\u0e1e\u0e17\u0e31\u0e48\u0e27\u0e44\u0e1b\u0e41\u0e25\u0e30\u0e02\u0e49\u0e2d\u0e21\u0e39\u0e25\u0e1e\u0e37\u0e49\u0e19\u0e10\u0e32\u0e19<\/a><\/li>\n<li class=\"menu-item menu-item-type-post_type menu-item-object-page menu-item-7234\"><a href=\"https:\/\/www.nongkham101.go.th\/home\/?page_id=5680\" class=\"elementor-item\" tabindex=\"-1\">\u0e04\u0e33\u0e02\u0e27\u0e31\u0e0d \u0e27\u0e34\u0e2a\u0e31\u0e22\u0e17\u0e31\u0e28\u0e19\u0e4c \u0e1e\u0e31\u0e19\u0e18\u0e01\u0e34\u0e08<\/a><\/li>\n<li class=\"menu-item menu-item-type-post_type menu-item-object-page menu-item-9498\"><a href=\"https:\/\/www.nongkham101.go.th\/home\/?page_id=9493\" class=\"elementor-item\" tabindex=\"-1\">\u0e19\u0e42\u0e22\u0e1a\u0e32\u0e22\u0e01\u0e32\u0e23\u0e1e\u0e31\u0e12\u0e19\u0e32\u0e02\u0e2d\u0e07\u0e1c\u0e39\u0e49\u0e1a\u0e23\u0e34\u0e2b\u0e32\u0e23<\/a><\/li>\n<li class=\"menu-item menu-item-type-post_type menu-item-object-page menu-item-7236\"><a href=\"https:\/\/www.nongkham101.go.th\/home\/?page_id=6910\" class=\"elementor-item\" tabindex=\"-1\">\u0e2d\u0e33\u0e19\u0e32\u0e08\u0e2b\u0e19\u0e49\u0e32\u0e17\u0e35\u0e48<\/a><\/li>\n<\/ul>\t\t\t<\/nav>\n\t\t\t\t<\/div>\n\t\t\t\t<\/div>\n\t\t\t\t<div class=\"elementor-element elementor-element-c447de0 elementor-widget-divider--view-line_text elementor-widget-divider--element-align-left elementor-widget elementor-widget-divider\" data-id=\"c447de0\" data-element_type=\"widget\" data-widget_type=\"divider.default\">\n\t\t\t\t<div class=\"elementor-widget-container\">\n\t\t\t\t\t<div class=\"elementor-divider\">\n\t\t\t<span class=\"elementor-divider-separator\">\n\t\t\t\t\t\t\t<span class=\"elementor-divider__text elementor-divider__element\">\n\t\t\t\t\u0e02\u0e48\u0e32\u0e27\u0e2a\u0e32\u0e23\u0e25\u0e48\u0e32\u0e2a\u0e38\u0e14\t\t\t\t<\/span>\n\t\t\t\t\t\t<\/span>\n\t\t<\/div>\n\t\t\t\t<\/div>\n\t\t\t\t<\/div>\n\t\t\t\t<div class=\"elementor-element elementor-element-10ff0d5 elementor-grid-1 elementor-posts--thumbnail-left elementor-grid-tablet-2 elementor-grid-mobile-1 elementor-widget elementor-widget-posts\" data-id=\"10ff0d5\" data-element_type=\"widget\" data-settings=\"{&quot;classic_columns&quot;:&quot;1&quot;,&quot;classic_columns_tablet&quot;:&quot;2&quot;,&quot;classic_columns_mobile&quot;:&quot;1&quot;,&quot;classic_row_gap&quot;:{&quot;unit&quot;:&quot;px&quot;,&quot;size&quot;:35,&quot;sizes&quot;:[]},&quot;classic_row_gap_tablet&quot;:{&quot;unit&quot;:&quot;px&quot;,&quot;size&quot;:&quot;&quot;,&quot;sizes&quot;:[]},&quot;classic_row_gap_mobile&quot;:{&quot;unit&quot;:&quot;px&quot;,&quot;size&quot;:&quot;&quot;,&quot;sizes&quot;:[]}}\" data-widget_type=\"posts.classic\">\n\t\t\t\t<div class=\"elementor-widget-container\">\n\t\t\t\t\t<div class=\"elementor-posts-container elementor-posts elementor-posts--skin-classic elementor-grid\">\n\t\t\t\t<article class=\"elementor-post elementor-grid-item post-31066 post type-post status-publish format-standard has-post-thumbnail hentry category-1\">\n\t\t\t\t<a class=\"elementor-post__thumbnail__link\" href=\"https:\/\/www.nongkham101.go.th\/home\/?p=31066\" >\n\t\t\t<div class=\"elementor-post__thumbnail\"><img fetchpriority=\"high\" decoding=\"async\" width=\"300\" height=\"300\" src=\"https:\/\/www.nongkham101.go.th\/home\/wp-content\/uploads\/2020\/02\/logo-web-nongkam.png\" class=\"attachment-medium size-medium wp-image-16715\" alt=\"\" srcset=\"https:\/\/www.nongkham101.go.th\/home\/wp-content\/uploads\/2020\/02\/logo-web-nongkam.png 1262w, https:\/\/www.nongkham101.go.th\/home\/wp-content\/uploads\/2020\/02\/logo-web-nongkam-768x768.png 768w\" sizes=\"(max-width: 300px) 100vw, 300px\" \/><\/div>\n\t\t<\/a>\n\t\t\t\t<div class=\"elementor-post__text\">\n\t\t\t\t<h3 class=\"elementor-post__title\">\n\t\t\t<a href=\"https:\/\/www.nongkham101.go.th\/home\/?p=31066\" >\n\t\t\t\tHe&#8217;s only an easy way to desired a person or make established users be appreciated\t\t\t<\/a>\n\t\t<\/h3>\n\t\t\t\t<\/div>\n\t\t\t\t<\/article>\n\t\t\t\t<article class=\"elementor-post elementor-grid-item post-31064 post type-post status-publish format-standard has-post-thumbnail hentry category-1\">\n\t\t\t\t<a class=\"elementor-post__thumbnail__link\" href=\"https:\/\/www.nongkham101.go.th\/home\/?p=31064\" >\n\t\t\t<div class=\"elementor-post__thumbnail\"><img fetchpriority=\"high\" decoding=\"async\" width=\"300\" height=\"300\" src=\"https:\/\/www.nongkham101.go.th\/home\/wp-content\/uploads\/2020\/02\/logo-web-nongkam.png\" class=\"attachment-medium size-medium wp-image-16715\" alt=\"\" srcset=\"https:\/\/www.nongkham101.go.th\/home\/wp-content\/uploads\/2020\/02\/logo-web-nongkam.png 1262w, https:\/\/www.nongkham101.go.th\/home\/wp-content\/uploads\/2020\/02\/logo-web-nongkam-768x768.png 768w\" sizes=\"(max-width: 300px) 100vw, 300px\" \/><\/div>\n\t\t<\/a>\n\t\t\t\t<div class=\"elementor-post__text\">\n\t\t\t\t<h3 class=\"elementor-post__title\">\n\t\t\t<a href=\"https:\/\/www.nongkham101.go.th\/home\/?p=31064\" >\n\t\t\t\tseven. Wildz Kasino \ufffd Locke Aktionen &#038; gro?e Slot-Wahl\t\t\t<\/a>\n\t\t<\/h3>\n\t\t\t\t<\/div>\n\t\t\t\t<\/article>\n\t\t\t\t<article class=\"elementor-post elementor-grid-item post-31062 post type-post status-publish format-standard has-post-thumbnail hentry category-1\">\n\t\t\t\t<a class=\"elementor-post__thumbnail__link\" href=\"https:\/\/www.nongkham101.go.th\/home\/?p=31062\" >\n\t\t\t<div class=\"elementor-post__thumbnail\"><img fetchpriority=\"high\" decoding=\"async\" width=\"300\" height=\"300\" src=\"https:\/\/www.nongkham101.go.th\/home\/wp-content\/uploads\/2020\/02\/logo-web-nongkam.png\" class=\"attachment-medium size-medium wp-image-16715\" alt=\"\" srcset=\"https:\/\/www.nongkham101.go.th\/home\/wp-content\/uploads\/2020\/02\/logo-web-nongkam.png 1262w, https:\/\/www.nongkham101.go.th\/home\/wp-content\/uploads\/2020\/02\/logo-web-nongkam-768x768.png 768w\" sizes=\"(max-width: 300px) 100vw, 300px\" \/><\/div>\n\t\t<\/a>\n\t\t\t\t<div class=\"elementor-post__text\">\n\t\t\t\t<h3 class=\"elementor-post__title\">\n\t\t\t<a href=\"https:\/\/www.nongkham101.go.th\/home\/?p=31062\" >\n\t\t\t\tMines Login do agente Trinocasino Jogue por Arame Contempor\u00e2neo com Afastamento\t\t\t<\/a>\n\t\t<\/h3>\n\t\t\t\t<\/div>\n\t\t\t\t<\/article>\n\t\t\t\t<article class=\"elementor-post elementor-grid-item post-31060 post type-post status-publish format-standard has-post-thumbnail hentry category-1\">\n\t\t\t\t<a class=\"elementor-post__thumbnail__link\" href=\"https:\/\/www.nongkham101.go.th\/home\/?p=31060\" >\n\t\t\t<div class=\"elementor-post__thumbnail\"><img fetchpriority=\"high\" decoding=\"async\" width=\"300\" height=\"300\" src=\"https:\/\/www.nongkham101.go.th\/home\/wp-content\/uploads\/2020\/02\/logo-web-nongkam.png\" class=\"attachment-medium size-medium wp-image-16715\" alt=\"\" srcset=\"https:\/\/www.nongkham101.go.th\/home\/wp-content\/uploads\/2020\/02\/logo-web-nongkam.png 1262w, https:\/\/www.nongkham101.go.th\/home\/wp-content\/uploads\/2020\/02\/logo-web-nongkam-768x768.png 768w\" sizes=\"(max-width: 300px) 100vw, 300px\" \/><\/div>\n\t\t<\/a>\n\t\t\t\t<div class=\"elementor-post__text\">\n\t\t\t\t<h3 class=\"elementor-post__title\">\n\t\t\t<a href=\"https:\/\/www.nongkham101.go.th\/home\/?p=31060\" >\n\t\t\t\tCasinos Online com B\u00f3nus sem Dep\u00f3sito B\u00f3nus melhor cassino online Bingo Acess\u00edvel 2026\t\t\t<\/a>\n\t\t<\/h3>\n\t\t\t\t<\/div>\n\t\t\t\t<\/article>\n\t\t\t\t<\/div>\n\t\t\n\t\t\t\t<\/div>\n\t\t\t\t<\/div>\n\t\t\t\t\t<\/div>\n\t\t<\/div>\n\t\t\t\t\t<\/div>\n\t\t<\/section>\n\t\t\t\t<\/div>\n\t\t","protected":false},"excerpt":{"rendered":"<p>1. \u0e04\u0e33\u0e23\u0e49\u0e2d\u0e07\u0e02\u0e2d\u0e04\u0e27\u0e32\u0e21\u0e2d\u0e19\u0e38\u0e40\u0e04\u0e23\u0e32\u0e30\u0e2b\u0e4c<\/p>\n","protected":false},"author":1,"featured_media":16715,"parent":0,"menu_order":0,"comment_status":"closed","ping_status":"closed","template":"","meta":{"_bbp_topic_count":0,"_bbp_reply_count":0,"_bbp_total_topic_count":0,"_bbp_total_reply_count":0,"_bbp_voice_count":0,"_bbp_anonymous_reply_count":0,"_bbp_topic_count_hidden":0,"_bbp_reply_count_hidden":0,"_bbp_forum_subforum_count":0,"footnotes":""},"class_list":["post-9244","page","type-page","status-publish","has-post-thumbnail","hentry"],"_links":{"self":[{"href":"https:\/\/www.nongkham101.go.th\/home\/index.php?rest_route=\/wp\/v2\/pages\/9244","targetHints":{"allow":["GET"]}}],"collection":[{"href":"https:\/\/www.nongkham101.go.th\/home\/index.php?rest_route=\/wp\/v2\/pages"}],"about":[{"href":"https:\/\/www.nongkham101.go.th\/home\/index.php?rest_route=\/wp\/v2\/types\/page"}],"author":[{"embeddable":true,"href":"https:\/\/www.nongkham101.go.th\/home\/index.php?rest_route=\/wp\/v2\/users\/1"}],"replies":[{"embeddable":true,"href":"https:\/\/www.nongkham101.go.th\/home\/index.php?rest_route=%2Fwp%2Fv2%2Fcomments&post=9244"}],"version-history":[{"count":12,"href":"https:\/\/www.nongkham101.go.th\/home\/index.php?rest_route=\/wp\/v2\/pages\/9244\/revisions"}],"predecessor-version":[{"id":17140,"href":"https:\/\/www.nongkham101.go.th\/home\/index.php?rest_route=\/wp\/v2\/pages\/9244\/revisions\/17140"}],"wp:featuredmedia":[{"embeddable":true,"href":"https:\/\/www.nongkham101.go.th\/home\/index.php?rest_route=\/wp\/v2\/media\/16715"}],"wp:attachment":[{"href":"https:\/\/www.nongkham101.go.th\/home\/index.php?rest_route=%2Fwp%2Fv2%2Fmedia&parent=9244"}],"curies":[{"name":"wp","href":"https:\/\/api.w.org\/{rel}","templated":true}]}}