{"id":13604,"date":"2022-12-12T17:19:42","date_gmt":"2022-12-12T10:19:42","guid":{"rendered":"https:\/\/web.oshikrub.com\/maeloi\/?page_id=13604"},"modified":"2022-12-12T17:22:54","modified_gmt":"2022-12-12T10:22:54","slug":"%e0%b8%82%e0%b9%88%e0%b8%b2%e0%b8%a7%e0%b8%88%e0%b8%b1%e0%b8%94%e0%b8%8b%e0%b8%b7%e0%b9%89%e0%b8%ad%e0%b8%88%e0%b8%b1%e0%b8%94%e0%b8%88%e0%b9%89%e0%b8%b2%e0%b8%87","status":"publish","type":"page","link":"https:\/\/www.nongkham101.go.th\/home\/?page_id=13604","title":{"rendered":"\u0e02\u0e48\u0e32\u0e27\u0e08\u0e31\u0e14\u0e0b\u0e37\u0e49\u0e2d\u0e08\u0e31\u0e14\u0e08\u0e49\u0e32\u0e07"},"content":{"rendered":"\t\t<div data-elementor-type=\"wp-page\" data-elementor-id=\"13604\" class=\"elementor elementor-13604\">\n\t\t\t\t\t\t<section class=\"elementor-section elementor-top-section elementor-element elementor-element-8641a11 elementor-section-boxed elementor-section-height-default elementor-section-height-default\" data-id=\"8641a11\" data-element_type=\"section\">\n\t\t\t\t\t\t<div class=\"elementor-container elementor-column-gap-default\">\n\t\t\t\t\t<div class=\"elementor-column elementor-col-50 elementor-top-column elementor-element elementor-element-20680e8\" data-id=\"20680e8\" data-element_type=\"column\">\n\t\t\t<div class=\"elementor-widget-wrap elementor-element-populated\">\n\t\t\t\t\t\t<div class=\"elementor-element elementor-element-8a86a67 elementor-widget-divider--view-line elementor-widget elementor-widget-divider\" data-id=\"8a86a67\" data-element_type=\"widget\" data-widget_type=\"divider.default\">\n\t\t\t\t<div class=\"elementor-widget-container\">\n\t\t\t\t\t<div class=\"elementor-divider\">\n\t\t\t<span class=\"elementor-divider-separator\">\n\t\t\t\t\t\t<\/span>\n\t\t<\/div>\n\t\t\t\t<\/div>\n\t\t\t\t<\/div>\n\t\t\t\t\t<\/div>\n\t\t<\/div>\n\t\t\t\t<div class=\"elementor-column elementor-col-50 elementor-top-column elementor-element elementor-element-a3ce5d8\" data-id=\"a3ce5d8\" data-element_type=\"column\" data-settings=\"{&quot;background_background&quot;:&quot;classic&quot;}\">\n\t\t\t<div class=\"elementor-widget-wrap elementor-element-populated\">\n\t\t\t\t\t\t<div class=\"elementor-element elementor-element-a200d5d elementor-widget-divider--view-line_text elementor-widget-divider--element-align-left elementor-widget elementor-widget-divider\" data-id=\"a200d5d\" data-element_type=\"widget\" data-widget_type=\"divider.default\">\n\t\t\t\t<div class=\"elementor-widget-container\">\n\t\t\t\t\t<div class=\"elementor-divider\">\n\t\t\t<span class=\"elementor-divider-separator\">\n\t\t\t\t\t\t\t<span class=\"elementor-divider__text elementor-divider__element\">\n\t\t\t\t\u0e2b\u0e21\u0e27\u0e14\u0e2b\u0e21\u0e39\u0e48\u0e02\u0e48\u0e32\u0e27\t\t\t\t<\/span>\n\t\t\t\t\t\t<\/span>\n\t\t<\/div>\n\t\t\t\t<\/div>\n\t\t\t\t<\/div>\n\t\t\t\t<div class=\"elementor-element elementor-element-40e7928 elementor-nav-menu--dropdown-tablet elementor-nav-menu__text-align-aside elementor-widget elementor-widget-nav-menu\" data-id=\"40e7928\" data-element_type=\"widget\" data-settings=\"{&quot;submenu_icon&quot;:{&quot;value&quot;:&quot;&lt;i class=\\&quot;\\&quot;&gt;&lt;\\\/i&gt;&quot;,&quot;library&quot;:&quot;&quot;},&quot;layout&quot;:&quot;vertical&quot;}\" data-widget_type=\"nav-menu.default\">\n\t\t\t\t<div class=\"elementor-widget-container\">\n\t\t\t\t\t\t<nav class=\"elementor-nav-menu--main elementor-nav-menu__container elementor-nav-menu--layout-vertical e--pointer-none\">\n\t\t\t\t<ul id=\"menu-1-40e7928\" class=\"elementor-nav-menu sm-vertical\"><li class=\"menu-item menu-item-type-taxonomy menu-item-object-category menu-item-10132\"><a href=\"https:\/\/www.nongkham101.go.th\/home\/?cat=1\" class=\"elementor-item\">\u0e02\u0e48\u0e32\u0e27\u0e1b\u0e23\u0e30\u0e0a\u0e32\u0e2a\u0e31\u0e21\u0e1e\u0e31\u0e19\u0e18\u0e4c<\/a><\/li>\n<li class=\"menu-item menu-item-type-taxonomy menu-item-object-category menu-item-10130\"><a href=\"https:\/\/www.nongkham101.go.th\/home\/?cat=46\" class=\"elementor-item\">\u0e02\u0e48\u0e32\u0e27\u0e01\u0e34\u0e08\u0e01\u0e23\u0e23\u0e21<\/a><\/li>\n<li class=\"menu-item menu-item-type-custom menu-item-object-custom menu-item-13621\"><a href=\"?page_id=13561\" class=\"elementor-item\">\u0e08\u0e14\u0e2b\u0e21\u0e32\u0e22\u0e02\u0e48\u0e32\u0e27\u0e1b\u0e23\u0e30\u0e0a\u0e32\u0e2a\u0e31\u0e21\u0e1e\u0e31\u0e19\u0e18\u0e4c<\/a><\/li>\n<li class=\"menu-item menu-item-type-custom menu-item-object-custom menu-item-13620\"><a href=\"?page_id=13604\" class=\"elementor-item\">\u0e02\u0e48\u0e32\u0e27\u0e08\u0e31\u0e14\u0e0b\u0e37\u0e49\u0e2d\u0e08\u0e31\u0e14\u0e08\u0e49\u0e32\u0e07<\/a><\/li>\n<\/ul>\t\t\t<\/nav>\n\t\t\t\t\t\t<nav class=\"elementor-nav-menu--dropdown elementor-nav-menu__container\" aria-hidden=\"true\">\n\t\t\t\t<ul id=\"menu-2-40e7928\" class=\"elementor-nav-menu sm-vertical\"><li class=\"menu-item menu-item-type-taxonomy menu-item-object-category menu-item-10132\"><a href=\"https:\/\/www.nongkham101.go.th\/home\/?cat=1\" class=\"elementor-item\" tabindex=\"-1\">\u0e02\u0e48\u0e32\u0e27\u0e1b\u0e23\u0e30\u0e0a\u0e32\u0e2a\u0e31\u0e21\u0e1e\u0e31\u0e19\u0e18\u0e4c<\/a><\/li>\n<li class=\"menu-item menu-item-type-taxonomy menu-item-object-category menu-item-10130\"><a href=\"https:\/\/www.nongkham101.go.th\/home\/?cat=46\" class=\"elementor-item\" tabindex=\"-1\">\u0e02\u0e48\u0e32\u0e27\u0e01\u0e34\u0e08\u0e01\u0e23\u0e23\u0e21<\/a><\/li>\n<li class=\"menu-item menu-item-type-custom menu-item-object-custom menu-item-13621\"><a href=\"?page_id=13561\" class=\"elementor-item\" tabindex=\"-1\">\u0e08\u0e14\u0e2b\u0e21\u0e32\u0e22\u0e02\u0e48\u0e32\u0e27\u0e1b\u0e23\u0e30\u0e0a\u0e32\u0e2a\u0e31\u0e21\u0e1e\u0e31\u0e19\u0e18\u0e4c<\/a><\/li>\n<li class=\"menu-item menu-item-type-custom menu-item-object-custom menu-item-13620\"><a href=\"?page_id=13604\" class=\"elementor-item\" tabindex=\"-1\">\u0e02\u0e48\u0e32\u0e27\u0e08\u0e31\u0e14\u0e0b\u0e37\u0e49\u0e2d\u0e08\u0e31\u0e14\u0e08\u0e49\u0e32\u0e07<\/a><\/li>\n<\/ul>\t\t\t<\/nav>\n\t\t\t\t<\/div>\n\t\t\t\t<\/div>\n\t\t\t\t<div class=\"elementor-element elementor-element-affdf69 elementor-widget-divider--view-line_text elementor-widget-divider--element-align-left elementor-widget elementor-widget-divider\" data-id=\"affdf69\" data-element_type=\"widget\" data-widget_type=\"divider.default\">\n\t\t\t\t<div class=\"elementor-widget-container\">\n\t\t\t\t\t<div class=\"elementor-divider\">\n\t\t\t<span class=\"elementor-divider-separator\">\n\t\t\t\t\t\t\t<span class=\"elementor-divider__text elementor-divider__element\">\n\t\t\t\t\u0e02\u0e48\u0e32\u0e27\u0e2a\u0e32\u0e23\u0e25\u0e48\u0e32\u0e2a\u0e38\u0e14\t\t\t\t<\/span>\n\t\t\t\t\t\t<\/span>\n\t\t<\/div>\n\t\t\t\t<\/div>\n\t\t\t\t<\/div>\n\t\t\t\t<div class=\"elementor-element elementor-element-d1a3187 elementor-grid-1 elementor-posts--thumbnail-left elementor-grid-tablet-2 elementor-grid-mobile-1 elementor-widget elementor-widget-posts\" data-id=\"d1a3187\" data-element_type=\"widget\" data-settings=\"{&quot;classic_columns&quot;:&quot;1&quot;,&quot;classic_columns_tablet&quot;:&quot;2&quot;,&quot;classic_columns_mobile&quot;:&quot;1&quot;,&quot;classic_row_gap&quot;:{&quot;unit&quot;:&quot;px&quot;,&quot;size&quot;:35,&quot;sizes&quot;:[]},&quot;classic_row_gap_tablet&quot;:{&quot;unit&quot;:&quot;px&quot;,&quot;size&quot;:&quot;&quot;,&quot;sizes&quot;:[]},&quot;classic_row_gap_mobile&quot;:{&quot;unit&quot;:&quot;px&quot;,&quot;size&quot;:&quot;&quot;,&quot;sizes&quot;:[]}}\" data-widget_type=\"posts.classic\">\n\t\t\t\t<div class=\"elementor-widget-container\">\n\t\t\t\t\t<div class=\"elementor-posts-container elementor-posts elementor-posts--skin-classic elementor-grid\">\n\t\t\t\t<article class=\"elementor-post elementor-grid-item post-31066 post type-post status-publish format-standard has-post-thumbnail hentry category-1\">\n\t\t\t\t<a class=\"elementor-post__thumbnail__link\" href=\"https:\/\/www.nongkham101.go.th\/home\/?p=31066\" >\n\t\t\t<div class=\"elementor-post__thumbnail\"><img fetchpriority=\"high\" decoding=\"async\" width=\"300\" height=\"300\" src=\"https:\/\/www.nongkham101.go.th\/home\/wp-content\/uploads\/2020\/02\/logo-web-nongkam.png\" class=\"attachment-medium size-medium wp-image-16715\" alt=\"\" srcset=\"https:\/\/www.nongkham101.go.th\/home\/wp-content\/uploads\/2020\/02\/logo-web-nongkam.png 1262w, https:\/\/www.nongkham101.go.th\/home\/wp-content\/uploads\/2020\/02\/logo-web-nongkam-768x768.png 768w\" sizes=\"(max-width: 300px) 100vw, 300px\" \/><\/div>\n\t\t<\/a>\n\t\t\t\t<div class=\"elementor-post__text\">\n\t\t\t\t<h3 class=\"elementor-post__title\">\n\t\t\t<a href=\"https:\/\/www.nongkham101.go.th\/home\/?p=31066\" >\n\t\t\t\tHe&#8217;s only an easy way to desired a person or make established users be appreciated\t\t\t<\/a>\n\t\t<\/h3>\n\t\t\t\t<\/div>\n\t\t\t\t<\/article>\n\t\t\t\t<article class=\"elementor-post elementor-grid-item post-31064 post type-post status-publish format-standard has-post-thumbnail hentry category-1\">\n\t\t\t\t<a class=\"elementor-post__thumbnail__link\" href=\"https:\/\/www.nongkham101.go.th\/home\/?p=31064\" >\n\t\t\t<div class=\"elementor-post__thumbnail\"><img fetchpriority=\"high\" decoding=\"async\" width=\"300\" height=\"300\" src=\"https:\/\/www.nongkham101.go.th\/home\/wp-content\/uploads\/2020\/02\/logo-web-nongkam.png\" class=\"attachment-medium size-medium wp-image-16715\" alt=\"\" srcset=\"https:\/\/www.nongkham101.go.th\/home\/wp-content\/uploads\/2020\/02\/logo-web-nongkam.png 1262w, https:\/\/www.nongkham101.go.th\/home\/wp-content\/uploads\/2020\/02\/logo-web-nongkam-768x768.png 768w\" sizes=\"(max-width: 300px) 100vw, 300px\" \/><\/div>\n\t\t<\/a>\n\t\t\t\t<div class=\"elementor-post__text\">\n\t\t\t\t<h3 class=\"elementor-post__title\">\n\t\t\t<a href=\"https:\/\/www.nongkham101.go.th\/home\/?p=31064\" >\n\t\t\t\tseven. Wildz Kasino \ufffd Locke Aktionen &#038; gro?e Slot-Wahl\t\t\t<\/a>\n\t\t<\/h3>\n\t\t\t\t<\/div>\n\t\t\t\t<\/article>\n\t\t\t\t<article class=\"elementor-post elementor-grid-item post-31062 post type-post status-publish format-standard has-post-thumbnail hentry category-1\">\n\t\t\t\t<a class=\"elementor-post__thumbnail__link\" href=\"https:\/\/www.nongkham101.go.th\/home\/?p=31062\" >\n\t\t\t<div class=\"elementor-post__thumbnail\"><img fetchpriority=\"high\" decoding=\"async\" width=\"300\" height=\"300\" src=\"https:\/\/www.nongkham101.go.th\/home\/wp-content\/uploads\/2020\/02\/logo-web-nongkam.png\" class=\"attachment-medium size-medium wp-image-16715\" alt=\"\" srcset=\"https:\/\/www.nongkham101.go.th\/home\/wp-content\/uploads\/2020\/02\/logo-web-nongkam.png 1262w, https:\/\/www.nongkham101.go.th\/home\/wp-content\/uploads\/2020\/02\/logo-web-nongkam-768x768.png 768w\" sizes=\"(max-width: 300px) 100vw, 300px\" \/><\/div>\n\t\t<\/a>\n\t\t\t\t<div class=\"elementor-post__text\">\n\t\t\t\t<h3 class=\"elementor-post__title\">\n\t\t\t<a href=\"https:\/\/www.nongkham101.go.th\/home\/?p=31062\" >\n\t\t\t\tMines Login do agente Trinocasino Jogue por Arame Contempor\u00e2neo com Afastamento\t\t\t<\/a>\n\t\t<\/h3>\n\t\t\t\t<\/div>\n\t\t\t\t<\/article>\n\t\t\t\t<article class=\"elementor-post elementor-grid-item post-31060 post type-post status-publish format-standard has-post-thumbnail hentry category-1\">\n\t\t\t\t<a class=\"elementor-post__thumbnail__link\" href=\"https:\/\/www.nongkham101.go.th\/home\/?p=31060\" >\n\t\t\t<div class=\"elementor-post__thumbnail\"><img fetchpriority=\"high\" decoding=\"async\" width=\"300\" height=\"300\" src=\"https:\/\/www.nongkham101.go.th\/home\/wp-content\/uploads\/2020\/02\/logo-web-nongkam.png\" class=\"attachment-medium size-medium wp-image-16715\" alt=\"\" srcset=\"https:\/\/www.nongkham101.go.th\/home\/wp-content\/uploads\/2020\/02\/logo-web-nongkam.png 1262w, https:\/\/www.nongkham101.go.th\/home\/wp-content\/uploads\/2020\/02\/logo-web-nongkam-768x768.png 768w\" sizes=\"(max-width: 300px) 100vw, 300px\" \/><\/div>\n\t\t<\/a>\n\t\t\t\t<div class=\"elementor-post__text\">\n\t\t\t\t<h3 class=\"elementor-post__title\">\n\t\t\t<a href=\"https:\/\/www.nongkham101.go.th\/home\/?p=31060\" >\n\t\t\t\tCasinos Online com B\u00f3nus sem Dep\u00f3sito B\u00f3nus melhor cassino online Bingo Acess\u00edvel 2026\t\t\t<\/a>\n\t\t<\/h3>\n\t\t\t\t<\/div>\n\t\t\t\t<\/article>\n\t\t\t\t<\/div>\n\t\t\n\t\t\t\t<\/div>\n\t\t\t\t<\/div>\n\t\t\t\t\t<\/div>\n\t\t<\/div>\n\t\t\t\t\t<\/div>\n\t\t<\/section>\n\t\t\t\t<\/div>\n\t\t","protected":false},"excerpt":{"rendered":"<p>\u0e2b\u0e21\u0e27\u0e14\u0e2b\u0e21\u0e39\u0e48\u0e02\u0e48\u0e32\u0e27 \u0e02\u0e48\u0e32\u0e27\u0e2a\u0e32\u0e23\u0e25\u0e48\u0e32\u0e2a\u0e38<\/p>\n","protected":false},"author":1,"featured_media":16715,"parent":0,"menu_order":0,"comment_status":"closed","ping_status":"closed","template":"","meta":{"_bbp_topic_count":0,"_bbp_reply_count":0,"_bbp_total_topic_count":0,"_bbp_total_reply_count":0,"_bbp_voice_count":0,"_bbp_anonymous_reply_count":0,"_bbp_topic_count_hidden":0,"_bbp_reply_count_hidden":0,"_bbp_forum_subforum_count":0,"footnotes":""},"class_list":["post-13604","page","type-page","status-publish","has-post-thumbnail","hentry"],"_links":{"self":[{"href":"https:\/\/www.nongkham101.go.th\/home\/index.php?rest_route=\/wp\/v2\/pages\/13604","targetHints":{"allow":["GET"]}}],"collection":[{"href":"https:\/\/www.nongkham101.go.th\/home\/index.php?rest_route=\/wp\/v2\/pages"}],"about":[{"href":"https:\/\/www.nongkham101.go.th\/home\/index.php?rest_route=\/wp\/v2\/types\/page"}],"author":[{"embeddable":true,"href":"https:\/\/www.nongkham101.go.th\/home\/index.php?rest_route=\/wp\/v2\/users\/1"}],"replies":[{"embeddable":true,"href":"https:\/\/www.nongkham101.go.th\/home\/index.php?rest_route=%2Fwp%2Fv2%2Fcomments&post=13604"}],"version-history":[{"count":0,"href":"https:\/\/www.nongkham101.go.th\/home\/index.php?rest_route=\/wp\/v2\/pages\/13604\/revisions"}],"wp:featuredmedia":[{"embeddable":true,"href":"https:\/\/www.nongkham101.go.th\/home\/index.php?rest_route=\/wp\/v2\/media\/16715"}],"wp:attachment":[{"href":"https:\/\/www.nongkham101.go.th\/home\/index.php?rest_route=%2Fwp%2Fv2%2Fmedia&parent=13604"}],"curies":[{"name":"wp","href":"https:\/\/api.w.org\/{rel}","templated":true}]}}